{"id":16,"date":"2022-02-19T20:41:21","date_gmt":"2022-02-19T20:41:21","guid":{"rendered":"https:\/\/gpsites.co\/scribe\/?page_id=16"},"modified":"2025-04-20T23:11:22","modified_gmt":"2025-04-20T23:11:22","slug":"sobre","status":"publish","type":"page","link":"https:\/\/muchilao.com.br\/index.php\/sobre\/","title":{"rendered":"Sobre"},"content":{"rendered":"\n<p><strong> Muchil\u00e3o<\/strong><\/p>\n\n\n\n<p>Fundado em 2006, o Muchil\u00e3o \u00e9 o destino certo para todos os mochileiros e aventureiros! Ao longo dos anos, nosso site cresceu e se tornou uma refer\u00eancia no mundo das viagens econ\u00f4micas e experi\u00eancias culturais aut\u00eanticas.<\/p>\n\n\n\n<p>Se voc\u00ea \u00e9 um mochileiro experiente ou est\u00e1 planejando sua primeira grande aventura, o Muchil\u00e3o oferece uma riqueza de informa\u00e7\u00f5es para ajud\u00e1-lo a planejar a viagem perfeita. Descubra destinos incr\u00edveis, dicas de viagem, roteiros personalizados e muito mais!<\/p>\n\n\n\n<figure class=\"wp-block-gallery has-nested-images columns-default is-cropped wp-block-gallery-1 is-layout-flex wp-block-gallery-is-layout-flex\">\n<figure class=\"wp-block-image size-large\"><img loading=\"lazy\" decoding=\"async\" width=\"512\" height=\"512\" data-id=\"888\" src=\"https:\/\/muchilao.com.br\/wp-content\/uploads\/2025\/04\/autorMuchilao.jpg\" alt=\"\" class=\"wp-image-888\" srcset=\"https:\/\/muchilao.com.br\/wp-content\/uploads\/2025\/04\/autorMuchilao.jpg 512w, https:\/\/muchilao.com.br\/wp-content\/uploads\/2025\/04\/autorMuchilao-300x300.jpg 300w, https:\/\/muchilao.com.br\/wp-content\/uploads\/2025\/04\/autorMuchilao-150x150.jpg 150w\" sizes=\"auto, (max-width: 512px) 100vw, 512px\" \/><\/figure>\n<\/figure>\n\n\n\n<p>Estamos sempre atualizando nosso conte\u00fado para garantir que voc\u00ea tenha acesso \u00e0s melhores informa\u00e7\u00f5es sobre hospedagem, transporte, alimenta\u00e7\u00e3o e atividades imperd\u00edveis em cada destino. Nossa miss\u00e3o \u00e9 inspirar e facilitar a sua pr\u00f3xima jornada inesquec\u00edvel.<\/p>\n\n\n\n<p>Interessado em patrocinar o Muchil\u00e3o?<\/p>\n","protected":false},"excerpt":{"rendered":"<p>Muchil\u00e3o Fundado em 2006, o Muchil\u00e3o \u00e9 o destino certo para todos os mochileiros e aventureiros! Ao longo dos anos, nosso site cresceu e se tornou uma refer\u00eancia no mundo das viagens econ\u00f4micas e experi\u00eancias culturais aut\u00eanticas. Se voc\u00ea \u00e9 um mochileiro experiente ou est\u00e1 planejando sua primeira grande aventura, o Muchil\u00e3o oferece uma riqueza [&hellip;]<\/p>\n","protected":false},"author":1,"featured_media":0,"parent":0,"menu_order":4,"comment_status":"closed","ping_status":"closed","template":"","meta":{"om_disable_all_campaigns":false,"_monsterinsights_skip_tracking":false,"_monsterinsights_sitenote_active":false,"_monsterinsights_sitenote_note":"","_monsterinsights_sitenote_category":0,"_uf_show_specific_survey":0,"_uf_disable_surveys":false,"footnotes":""},"class_list":["post-16","page","type-page","status-publish","hentry"],"aioseo_notices":[],"_links":{"self":[{"href":"https:\/\/muchilao.com.br\/index.php\/wp-json\/wp\/v2\/pages\/16","targetHints":{"allow":["GET"]}}],"collection":[{"href":"https:\/\/muchilao.com.br\/index.php\/wp-json\/wp\/v2\/pages"}],"about":[{"href":"https:\/\/muchilao.com.br\/index.php\/wp-json\/wp\/v2\/types\/page"}],"author":[{"embeddable":true,"href":"https:\/\/muchilao.com.br\/index.php\/wp-json\/wp\/v2\/users\/1"}],"replies":[{"embeddable":true,"href":"https:\/\/muchilao.com.br\/index.php\/wp-json\/wp\/v2\/comments?post=16"}],"version-history":[{"count":9,"href":"https:\/\/muchilao.com.br\/index.php\/wp-json\/wp\/v2\/pages\/16\/revisions"}],"predecessor-version":[{"id":898,"href":"https:\/\/muchilao.com.br\/index.php\/wp-json\/wp\/v2\/pages\/16\/revisions\/898"}],"wp:attachment":[{"href":"https:\/\/muchilao.com.br\/index.php\/wp-json\/wp\/v2\/media?parent=16"}],"curies":[{"name":"wp","href":"https:\/\/api.w.org\/{rel}","templated":true}]}}